{"id":548,"date":"2017-04-13T10:47:23","date_gmt":"2017-04-13T08:47:23","guid":{"rendered":"http:\/\/dunant.dista.uninsubria.it\/qsar\/?page_id=548"},"modified":"2017-04-13T10:48:22","modified_gmt":"2017-04-13T08:48:22","slug":"argomenti-di-tesi-disponibili","status":"publish","type":"page","link":"https:\/\/dunant.dista.uninsubria.it\/qsar\/?page_id=548","title":{"rendered":"Argomenti di tesi disponibili"},"content":{"rendered":"<p>Applicazione di<strong> Metodologie QSAR <\/strong>e<strong> Approcci Chemiometrici <\/strong>per lo studio di problematiche ambientali di primario interesse, per la predizione di attivit\u00e0 biologiche\/propriet\u00e0 ambientali di inquinanti organici e nanoparticelle.<\/p>\n<p><strong>&#8211; Distribuzione Ambientale<\/strong><\/p>\n<p><strong>&#8211; Biodegradazione<\/strong><\/p>\n<p><strong>&#8211; Tossicit\u00e0<\/strong><\/p>\n<p><strong>&#8211; Persistenza<\/strong><\/p>\n<p><strong>&#8211; Reattivit\u00e0 <\/strong><\/p>\n<p>Data la specificit\u00e0 degli argomenti trattati, per lo svolgimento delle tesi \u00e8 consigliato avere basi di <strong>Chimica dell\u2019Ambiente<\/strong> (corso delle Lauree Triennali di Scienze dell\u2019Ambiente e della Natura e di Scienze Biologiche, indirizzo Biologia ambientale molecolare) e seguire il corso di <strong>Metodologie Chimiche per l\u2019Ambiente- Modulo di Chimica Ambientale applicata <\/strong>per la Laurea Magistrale di Scienze Ambientali. Questo corso della Magistrale fornisce utili strumenti per l&#8217;analisi multivariata (chemiometrica) di qualsiasi tipologia di dato, oltre che le basi teoriche per la modellistica QSAR (<em>Quantitative Structure-Activity Relationship)<\/em><\/p>\n","protected":false},"excerpt":{"rendered":"<p>Applicazione di Metodologie QSAR e Approcci Chemiometrici per lo studio di problematiche ambientali di primario interesse, per la predizione di attivit\u00e0 biologiche\/propriet\u00e0 ambientali di inquinanti organici e nanoparticelle. &#8211; Distribuzione Ambientale &#8211; Biodegradazione &#8211; Tossicit\u00e0 &#8211; Persistenza &#8211; Reattivit\u00e0 Data la specificit\u00e0 degli argomenti trattati, per lo svolgimento delle tesi \u00e8 consigliato avere basi di &hellip; <a href=\"https:\/\/dunant.dista.uninsubria.it\/qsar\/?page_id=548\" class=\"more-link\">Continua a leggere <span class=\"screen-reader-text\">Argomenti di tesi disponibili<\/span><\/a><\/p>\n","protected":false},"author":1,"featured_media":0,"parent":161,"menu_order":0,"comment_status":"closed","ping_status":"closed","template":"","meta":{"footnotes":""},"class_list":["post-548","page","type-page","status-publish","hentry"],"_links":{"self":[{"href":"https:\/\/dunant.dista.uninsubria.it\/qsar\/index.php?rest_route=\/wp\/v2\/pages\/548","targetHints":{"allow":["GET"]}}],"collection":[{"href":"https:\/\/dunant.dista.uninsubria.it\/qsar\/index.php?rest_route=\/wp\/v2\/pages"}],"about":[{"href":"https:\/\/dunant.dista.uninsubria.it\/qsar\/index.php?rest_route=\/wp\/v2\/types\/page"}],"author":[{"embeddable":true,"href":"https:\/\/dunant.dista.uninsubria.it\/qsar\/index.php?rest_route=\/wp\/v2\/users\/1"}],"replies":[{"embeddable":true,"href":"https:\/\/dunant.dista.uninsubria.it\/qsar\/index.php?rest_route=%2Fwp%2Fv2%2Fcomments&post=548"}],"version-history":[{"count":1,"href":"https:\/\/dunant.dista.uninsubria.it\/qsar\/index.php?rest_route=\/wp\/v2\/pages\/548\/revisions"}],"predecessor-version":[{"id":550,"href":"https:\/\/dunant.dista.uninsubria.it\/qsar\/index.php?rest_route=\/wp\/v2\/pages\/548\/revisions\/550"}],"up":[{"embeddable":true,"href":"https:\/\/dunant.dista.uninsubria.it\/qsar\/index.php?rest_route=\/wp\/v2\/pages\/161"}],"wp:attachment":[{"href":"https:\/\/dunant.dista.uninsubria.it\/qsar\/index.php?rest_route=%2Fwp%2Fv2%2Fmedia&parent=548"}],"curies":[{"name":"wp","href":"https:\/\/api.w.org\/{rel}","templated":true}]}}